{"id":427,"date":"2021-09-08T14:21:29","date_gmt":"2021-09-08T14:21:29","guid":{"rendered":"http:\/\/www.mazui.store\/?page_id=427"},"modified":"2021-09-08T14:23:34","modified_gmt":"2021-09-08T14:23:34","slug":"sobre-mi","status":"publish","type":"page","link":"https:\/\/www.mazui.store\/index.php\/sobre-mi\/","title":{"rendered":"Sobre m\u00ed"},"content":{"rendered":"<p>Hola, soy Martha, te doy la bienvenida a mi Blog, un lugar donde encontrar\u00e1s art\u00edculos para tu desarrollo personal y para mejorar en muchas areas de tu vida. Deseo que tengas un crecimiento constante y para eso mi plan es darte herramientas y recursos, tambien compartir\u00e9 art\u00edculos de otros autores que considero dignos de ti.<\/p>\n<p>Soy una persona tranquila y simple, despierto cada ma\u00f1ana dando gracias por un nuevo d\u00eda, nuevas oportunidades, nuevos desaf\u00edos, dando una sonrisa a las personas que se cruzan en mi camino y deseando de todo coraz\u00f3n que ese d\u00eda sea bueno para ellos.<\/p>\n<p>Creo en hadas, duendes, gnomos, dragones, sirenas y en todos los seres elementales, amo y respeto a la madre tierra as\u00ed como a los 4 elementos (agua, tierra, fuego, aire), amo el arte, la danza, la poes\u00eda, la magia de los amaneceres y la seducci\u00f3n de los atardeceres, la lectura, amo a los animales y a todos los seres porque se que todos nosotros estamos unidos,\u2026 somos uno\u2026 compartimos la misma energ\u00eda, lo que te pasa a ti lo siento, lo que pasa en mi entorno, lo siento, lo que pasa a mis amigos y parientes, lo siento, algunas veces duele y otras alegra el alma.<\/p>\n<p>En este blog espero ofrecerte los recursos necesarios para que mejores tu vida y al mejorar t\u00fa, tambi\u00e9n mejoro yo y mejora el mundo, todo lo que aprendemos debemos ejecutarlo y difundirlo, y haciendo esto poco a poco nuestras habilidades para aprender, escribir, ense\u00f1ar y ayudar, ir\u00e1n increment\u00e1ndose.<\/p>\n<p>Espero veas su utilidad y te des el tiempo de leerlo y cuando adquieras m\u00e1s energ\u00eda, m\u00e1s paz, m\u00e1s conocimiento, estar\u00e1 en tus manos hacer algo para ayudar al mundo. Utiliza bien tu tiempo y lo que decidas puede cambiar tu vida y la de los que te rodean. Adem\u00e1s te dar\u00e9 algunas ideas, meditaciones, consejos de belleza y salud.<\/p>\n<p>La \u00faltima palabra la tienes t\u00fa, todo esto funciona para mi y puede que eso mismo no funcione igual para ti, solo te pido que lo leas, lo analices de forma objetiva y lo pongas en pr\u00e1ctica aunque sea en una peque\u00f1a escala y luego decides si es bueno o no, tambi\u00e9n te sugiero suscribirte para que recibas constantemente los nuevos art\u00edculos.<\/p>\n<p>Y ten en mente que para ser feliz solo necesitas lo suficiente, a partir de ah\u00ed nada es necesario, todo lo extra te har\u00e1 m\u00e1s feliz.<\/p>\n<p><strong>Recuerda<\/strong>: Cuando el cuerpo y el esp\u00edritu est\u00e1n en armon\u00eda hay un equilibrio natural entre ellos.<\/p>\n<p><strong>Por nuestro \u00e9xito. <\/strong><\/p>\n","protected":false},"excerpt":{"rendered":"<p>Hola, soy Martha, te doy la bienvenida a mi Blog, un lugar donde encontrar\u00e1s art\u00edculos para tu desarrollo personal y para mejorar en muchas areas de tu vida. Deseo que tengas un crecimiento constante y para eso mi plan es darte herramientas y recursos, tambien compartir\u00e9 art\u00edculos de otros autores que considero dignos de ti. [&hellip;]<\/p>\n","protected":false},"author":1,"featured_media":0,"parent":0,"menu_order":0,"comment_status":"closed","ping_status":"closed","template":"","meta":[],"_links":{"self":[{"href":"https:\/\/www.mazui.store\/index.php\/wp-json\/wp\/v2\/pages\/427"}],"collection":[{"href":"https:\/\/www.mazui.store\/index.php\/wp-json\/wp\/v2\/pages"}],"about":[{"href":"https:\/\/www.mazui.store\/index.php\/wp-json\/wp\/v2\/types\/page"}],"author":[{"embeddable":true,"href":"https:\/\/www.mazui.store\/index.php\/wp-json\/wp\/v2\/users\/1"}],"replies":[{"embeddable":true,"href":"https:\/\/www.mazui.store\/index.php\/wp-json\/wp\/v2\/comments?post=427"}],"version-history":[{"count":3,"href":"https:\/\/www.mazui.store\/index.php\/wp-json\/wp\/v2\/pages\/427\/revisions"}],"predecessor-version":[{"id":436,"href":"https:\/\/www.mazui.store\/index.php\/wp-json\/wp\/v2\/pages\/427\/revisions\/436"}],"wp:attachment":[{"href":"https:\/\/www.mazui.store\/index.php\/wp-json\/wp\/v2\/media?parent=427"}],"curies":[{"name":"wp","href":"https:\/\/api.w.org\/{rel}","templated":true}]}}